{"id":235,"date":"2019-03-19T06:44:04","date_gmt":"2019-03-19T06:44:04","guid":{"rendered":"https:\/\/demo.themefreesia.com\/shoppingcart\/?page_id=6"},"modified":"2026-02-05T05:27:23","modified_gmt":"2026-02-05T05:27:23","slug":"home","status":"publish","type":"page","link":"https:\/\/shwenyaungpin.com\/","title":{"rendered":"Home"},"content":{"rendered":"\t\t<div data-elementor-type=\"wp-page\" data-elementor-id=\"235\" class=\"elementor elementor-235\" data-elementor-settings=\"[]\">\n\t\t\t\t\t\t\t<div class=\"elementor-section-wrap\">\n\t\t\t\t\t\t\t<section class=\"elementor-section elementor-top-section elementor-element elementor-element-7a00e06e elementor-section-stretched elementor-section-full_width elementor-section-height-default elementor-section-height-default\" data-id=\"7a00e06e\" data-element_type=\"section\" data-settings=\"{&quot;stretch_section&quot;:&quot;section-stretched&quot;,&quot;background_background&quot;:&quot;classic&quot;}\">\n\t\t\t\t\t\t<div class=\"elementor-container elementor-column-gap-default\">\n\t\t\t\t\t<div class=\"elementor-column elementor-col-100 elementor-top-column elementor-element elementor-element-2c380823\" data-id=\"2c380823\" data-element_type=\"column\">\n\t\t\t<div class=\"elementor-widget-wrap elementor-element-populated\">\n\t\t\t\t\t\t\t\t<section class=\"elementor-section elementor-inner-section elementor-element elementor-element-3bf71e80 elementor-section-boxed elementor-section-height-default elementor-section-height-default\" data-id=\"3bf71e80\" data-element_type=\"section\">\n\t\t\t\t\t\t<div class=\"elementor-container elementor-column-gap-default\">\n\t\t\t\t\t<div class=\"elementor-column elementor-col-50 elementor-inner-column elementor-element elementor-element-5247f0aa\" data-id=\"5247f0aa\" data-element_type=\"column\">\n\t\t\t<div class=\"elementor-widget-wrap elementor-element-populated\">\n\t\t\t\t\t\t\t\t<div class=\"elementor-element elementor-element-18e920a9 elementor-widget elementor-widget-premium-addon-banner\" data-id=\"18e920a9\" data-element_type=\"widget\" data-widget_type=\"premium-addon-banner.default\">\n\t\t\t\t<div class=\"elementor-widget-container\">\n\t\t\t\t\t<div class=\"premium-banner-ib premium-banner-min-height premium-banner-animation13 scale\">\n\t\t\t\t\t\t\t\t\t\t\t\t\t\t\t<img loading=\"lazy\" decoding=\"async\" width=\"780\" height=\"429\" src=\"https:\/\/shwenyaungpin.com\/wp-content\/uploads\/2022\/10\/1Roastedhickpea.png\" class=\"attachment-full size-full\" alt=\"\" \/>\t\t\t\t\t\t\t\t\t\t<div class=\"premium-banner-ib-desc\">\n\t\t\t\t\t\t\t\t\t<h2 class=\"premium-banner-ib-title premium_banner_title\"><\/h2>\t\t\t\t\t\t<div class=\"premium-banner-ib-content premium_banner_content\">\n\t\t\t\t\t\t\t<h1 style=\"text-align: left\"><strong>\u1000\u102f\u101c\u102c\u1038\u1015\u1032\u1000\u103b\u1000\u103a\u1019\u103e\u102f\u1014\u1037\u103a<\/strong><\/h1>\t\t\t\t\t\t<\/div>\n\t\t\t\t\t\t\t\t\t\t\t\t\t\t\t\t\t<\/div>\n\t\t\t<a class=\"premium-banner-ib-link\" href=\"https:\/\/shwenyaungpin.com\/index.php\/product-category\/mm_roastedchickpeaflour\/\" title=\"\"><\/a>\t\t<\/div>\n\t\t\t\t\t<style>\n\t\t\t\t@media( min-width: 1px ) and (max-width:767px ) {\n\t\t\t\t\t#premium-banner-18e920a9 .premium-banner-ib-content {\n\t\t\t\t\t\tdisplay: none;\n\t\t\t\t\t}\n\t\t\t\t}\n\t\t\t<\/style>\n\t\t\t\t\t\t<\/div>\n\t\t\t\t<\/div>\n\t\t\t\t\t<\/div>\n\t\t<\/div>\n\t\t\t\t<div class=\"elementor-column elementor-col-50 elementor-inner-column elementor-element elementor-element-2f44cefe\" data-id=\"2f44cefe\" data-element_type=\"column\">\n\t\t\t<div class=\"elementor-widget-wrap elementor-element-populated\">\n\t\t\t\t\t\t\t\t<div class=\"elementor-element elementor-element-9d6bc29 elementor-widget elementor-widget-premium-addon-banner\" data-id=\"9d6bc29\" data-element_type=\"widget\" data-widget_type=\"premium-addon-banner.default\">\n\t\t\t\t<div class=\"elementor-widget-container\">\n\t\t\t\t\t<div class=\"premium-banner-ib premium-banner-min-height premium-banner-animation13 scale\">\n\t\t\t\t\t\t\t\t\t\t\t\t\t\t\t<img loading=\"lazy\" decoding=\"async\" width=\"784\" height=\"430\" src=\"https:\/\/shwenyaungpin.com\/wp-content\/uploads\/2022\/10\/1GlutinousRice.png\" class=\"attachment-full size-full\" alt=\"\" \/>\t\t\t\t\t\t\t\t\t\t<div class=\"premium-banner-ib-desc\">\n\t\t\t\t\t\t\t\t\t<h3 class=\"premium-banner-ib-title premium_banner_title\"><\/h3>\t\t\t\t\t\t<div class=\"premium-banner-ib-content premium_banner_content\">\n\t\t\t\t\t\t\t<h1><strong>\u1000\u1031\u102c\u1000\u103a\u100a\u103e\u1004\u103a\u1038\u1019\u103e\u102f\u1014\u1037\u103a<\/strong><\/h1>\t\t\t\t\t\t<\/div>\n\t\t\t\t\t\t\t\t\t\t\t\t\t\t\t\t\t<\/div>\n\t\t\t<a class=\"premium-banner-ib-link\" href=\"https:\/\/shwenyaungpin.com\/index.php\/product-category\/mm_glutinousriceflour\/\" title=\"\"><\/a>\t\t<\/div>\n\t\t\t\t\t\t<\/div>\n\t\t\t\t<\/div>\n\t\t\t\t\t<\/div>\n\t\t<\/div>\n\t\t\t\t\t\t\t<\/div>\n\t\t<\/section>\n\t\t\t\t<section class=\"elementor-section elementor-inner-section elementor-element elementor-element-69be354a elementor-section-boxed elementor-section-height-default elementor-section-height-default\" data-id=\"69be354a\" data-element_type=\"section\">\n\t\t\t\t\t\t<div class=\"elementor-container elementor-column-gap-default\">\n\t\t\t\t\t<div class=\"elementor-column elementor-col-33 elementor-inner-column elementor-element elementor-element-2b003285\" data-id=\"2b003285\" data-element_type=\"column\">\n\t\t\t<div class=\"elementor-widget-wrap elementor-element-populated\">\n\t\t\t\t\t\t\t\t<div class=\"elementor-element elementor-element-e2265f2 elementor-widget elementor-widget-premium-addon-banner\" data-id=\"e2265f2\" data-element_type=\"widget\" data-widget_type=\"premium-addon-banner.default\">\n\t\t\t\t<div class=\"elementor-widget-container\">\n\t\t\t\t\t<div class=\"premium-banner-ib premium-banner-min-height premium-banner-animation13 scale\">\n\t\t\t\t\t\t\t\t\t\t\t\t\t\t\t<img loading=\"lazy\" decoding=\"async\" width=\"789\" height=\"365\" src=\"https:\/\/shwenyaungpin.com\/wp-content\/uploads\/2022\/10\/2MonkHinKar2.png\" class=\"attachment-full size-full\" alt=\"\" \/>\t\t\t\t\t\t\t\t\t\t<div class=\"premium-banner-ib-desc\">\n\t\t\t\t\t\t\t\t\t<h1 class=\"premium-banner-ib-title premium_banner_title\"><\/h1>\t\t\t\t\t\t<div class=\"premium-banner-ib-content premium_banner_content\">\n\t\t\t\t\t\t\t<h4 style=\"text-align: left\">\u1019\u102f\u1014\u1037\u103a\u101f\u1004\u103a\u1038\u1001\u102b\u1038\u1019\u103e\u102f\u1014\u1037\u103a<\/h4>\t\t\t\t\t\t<\/div>\n\t\t\t\t\t\t\t\t\t\t\t\t\t\t\t\t\t<\/div>\n\t\t\t<a class=\"premium-banner-ib-link\" href=\"https:\/\/shwenyaungpin.com\/index.php\/product-category\/mm_mhonthninkar\/\" title=\"\"><\/a>\t\t<\/div>\n\t\t\t\t\t\t<\/div>\n\t\t\t\t<\/div>\n\t\t\t\t<div class=\"elementor-element elementor-element-2869e5d elementor-widget elementor-widget-premium-addon-banner\" data-id=\"2869e5d\" data-element_type=\"widget\" data-widget_type=\"premium-addon-banner.default\">\n\t\t\t\t<div class=\"elementor-widget-container\">\n\t\t\t\t\t<div class=\"premium-banner-ib premium-banner-min-height premium-banner-animation13 scale\">\n\t\t\t\t\t\t\t\t\t\t\t\t\t\t\t<img loading=\"lazy\" decoding=\"async\" width=\"780\" height=\"296\" src=\"https:\/\/shwenyaungpin.com\/wp-content\/uploads\/2022\/10\/3RoastedRice.png\" class=\"attachment-full size-full\" alt=\"\" \/>\t\t\t\t\t\t\t\t\t\t<div class=\"premium-banner-ib-desc\">\n\t\t\t\t\t\t\t\t\t<h1 class=\"premium-banner-ib-title premium_banner_title\"><\/h1>\t\t\t\t\t\t<div class=\"premium-banner-ib-content premium_banner_content\">\n\t\t\t\t\t\t\t<h4>\u1006\u1014\u103a\u101c\u103e\u1031\u102c\u103a\u1019\u103e\u102f\u1014\u1037\u103a<\/h4>\t\t\t\t\t\t<\/div>\n\t\t\t\t\t\t\t\t\t\t\t\t\t\t\t\t\t<\/div>\n\t\t\t<a class=\"premium-banner-ib-link\" href=\"https:\/\/shwenyaungpin.com\/index.php\/product-category\/mm_roastedriceflour\/\" title=\"\"><\/a>\t\t<\/div>\n\t\t\t\t\t\t<\/div>\n\t\t\t\t<\/div>\n\t\t\t\t\t<\/div>\n\t\t<\/div>\n\t\t\t\t<div class=\"elementor-column elementor-col-33 elementor-inner-column elementor-element elementor-element-5d3f0645\" data-id=\"5d3f0645\" data-element_type=\"column\">\n\t\t\t<div class=\"elementor-widget-wrap elementor-element-populated\">\n\t\t\t\t\t\t\t\t<div class=\"elementor-element elementor-element-3a9f5d8 elementor-widget elementor-widget-premium-addon-banner\" data-id=\"3a9f5d8\" data-element_type=\"widget\" data-widget_type=\"premium-addon-banner.default\">\n\t\t\t\t<div class=\"elementor-widget-container\">\n\t\t\t\t\t<div class=\"premium-banner-ib premium-banner-min-height premium-banner-animation13 scale\">\n\t\t\t\t\t\t\t\t\t\t\t\t\t\t\t<img loading=\"lazy\" decoding=\"async\" width=\"791\" height=\"369\" src=\"https:\/\/shwenyaungpin.com\/wp-content\/uploads\/2022\/10\/2Rice1.png\" class=\"attachment-full size-full\" alt=\"\" \/>\t\t\t\t\t\t\t\t\t\t<div class=\"premium-banner-ib-desc\">\n\t\t\t\t\t\t\t\t\t<h1 class=\"premium-banner-ib-title premium_banner_title\"><\/h1>\t\t\t\t\t\t<div class=\"premium-banner-ib-content premium_banner_content\">\n\t\t\t\t\t\t\t<h3 style=\"text-align: left\">\u1006\u1014\u103a\u1005\u102d\u1019\u103a\u1038\u1019\u103e\u102f\u1014\u1037\u103a<\/h3>\t\t\t\t\t\t<\/div>\n\t\t\t\t\t\t\t\t\t\t\t\t\t\t\t\t\t<\/div>\n\t\t\t<a class=\"premium-banner-ib-link\" href=\"https:\/\/shwenyaungpin.com\/index.php\/product-category\/mm_riceflour\/\" title=\"\"><\/a>\t\t<\/div>\n\t\t\t\t\t\t<\/div>\n\t\t\t\t<\/div>\n\t\t\t\t<div class=\"elementor-element elementor-element-e9a15ca elementor-widget elementor-widget-premium-addon-banner\" data-id=\"e9a15ca\" data-element_type=\"widget\" data-widget_type=\"premium-addon-banner.default\">\n\t\t\t\t<div class=\"elementor-widget-container\">\n\t\t\t\t\t<div class=\"premium-banner-ib premium-banner-min-height premium-banner-animation13 scale\">\n\t\t\t\t\t\t\t\t\t\t\t\t\t\t\t<img loading=\"lazy\" decoding=\"async\" width=\"780\" height=\"322\" src=\"https:\/\/shwenyaungpin.com\/wp-content\/uploads\/2022\/10\/ChickpeaStick.png\" class=\"attachment-full size-full\" alt=\"\" \/>\t\t\t\t\t\t\t\t\t\t<div class=\"premium-banner-ib-desc\">\n\t\t\t\t\t\t\t\t\t<h1 class=\"premium-banner-ib-title premium_banner_title\"><\/h1>\t\t\t\t\t\t<div class=\"premium-banner-ib-content premium_banner_content\">\n\t\t\t\t\t\t\t<h4>\u1000\u102f\u101c\u102c\u1038\u1015\u1032\u1001\u103b\u1031\u102c\u1004\u103a\u1038\u1019\u103e\u102f\u1014\u1037\u103a<\/h4>\t\t\t\t\t\t<\/div>\n\t\t\t\t\t\t\t\t\t\t\t\t\t\t\t\t\t<\/div>\n\t\t\t<a class=\"premium-banner-ib-link\" href=\"https:\/\/shwenyaungpin.com\/index.php\/product-category\/mm_chickpeastick\/\" title=\"\"><\/a>\t\t<\/div>\n\t\t\t\t\t\t<\/div>\n\t\t\t\t<\/div>\n\t\t\t\t\t<\/div>\n\t\t<\/div>\n\t\t\t\t<div class=\"elementor-column elementor-col-33 elementor-inner-column elementor-element elementor-element-e23fdb9\" data-id=\"e23fdb9\" data-element_type=\"column\">\n\t\t\t<div class=\"elementor-widget-wrap elementor-element-populated\">\n\t\t\t\t\t\t\t\t<div class=\"elementor-element elementor-element-78f8d0b elementor-widget elementor-widget-premium-addon-banner\" data-id=\"78f8d0b\" data-element_type=\"widget\" data-widget_type=\"premium-addon-banner.default\">\n\t\t\t\t<div class=\"elementor-widget-container\">\n\t\t\t\t\t<div class=\"premium-banner-ib premium-banner-min-height premium-banner-animation13 scale\">\n\t\t\t\t\t\t\t\t\t\t\t\t\t\t\t<img loading=\"lazy\" decoding=\"async\" width=\"787\" height=\"365\" src=\"https:\/\/shwenyaungpin.com\/wp-content\/uploads\/2022\/10\/2ToFu.png\" class=\"attachment-full size-full\" alt=\"\" \/>\t\t\t\t\t\t\t\t\t\t<div class=\"premium-banner-ib-desc\">\n\t\t\t\t\t\t\t\t\t<h3 class=\"premium-banner-ib-title premium_banner_title\"><\/h3>\t\t\t\t\t\t<div class=\"premium-banner-ib-content premium_banner_content\">\n\t\t\t\t\t\t\t<h3>\u1010\u102d\u102f\u101f\u1030\u1038\u1019\u103e\u102f\u1014\u1037\u103a<\/h3>\t\t\t\t\t\t<\/div>\n\t\t\t\t\t\t\t\t\t\t\t\t\t\t\t\t\t<\/div>\n\t\t\t<a class=\"premium-banner-ib-link\" href=\"https:\/\/shwenyaungpin.com\/index.php\/product-category\/mm_tofuflour\/\" title=\"\"><\/a>\t\t<\/div>\n\t\t\t\t\t\t<\/div>\n\t\t\t\t<\/div>\n\t\t\t\t<div class=\"elementor-element elementor-element-b11abac elementor-widget elementor-widget-premium-addon-banner\" data-id=\"b11abac\" data-element_type=\"widget\" data-widget_type=\"premium-addon-banner.default\">\n\t\t\t\t<div class=\"elementor-widget-container\">\n\t\t\t\t\t<div class=\"premium-banner-ib premium-banner-min-height premium-banner-animation13 scale\">\n\t\t\t\t\t\t\t\t\t\t\t\t\t\t\t<img loading=\"lazy\" decoding=\"async\" width=\"780\" height=\"322\" src=\"https:\/\/shwenyaungpin.com\/wp-content\/uploads\/2022\/10\/ChickpeaSide.png\" class=\"attachment-full size-full\" alt=\"\" \/>\t\t\t\t\t\t\t\t\t\t<div class=\"premium-banner-ib-desc\">\n\t\t\t\t\t\t\t\t\t<h1 class=\"premium-banner-ib-title premium_banner_title\"><\/h1>\t\t\t\t\t\t<div class=\"premium-banner-ib-content premium_banner_content\">\n\t\t\t\t\t\t\t<h4>\u1000\u102f\u101c\u102c\u1038\u1015\u1032\u1001\u103c\u1019\u103a\u1038<\/h4>\t\t\t\t\t\t<\/div>\n\t\t\t\t\t\t\t\t\t\t\t\t\t\t\t\t\t<\/div>\n\t\t\t<a class=\"premium-banner-ib-link\" href=\"https:\/\/shwenyaungpin.com\/index.php\/product-category\/mm_chickpeaside\/\" title=\"\"><\/a>\t\t<\/div>\n\t\t\t\t\t\t<\/div>\n\t\t\t\t<\/div>\n\t\t\t\t\t<\/div>\n\t\t<\/div>\n\t\t\t\t\t\t\t<\/div>\n\t\t<\/section>\n\t\t\t\t\t<\/div>\n\t\t<\/div>\n\t\t\t\t\t\t\t<\/div>\n\t\t<\/section>\n\t\t\t\t<section class=\"elementor-section elementor-top-section elementor-element elementor-element-e6c8daa elementor-section-boxed elementor-section-height-default elementor-section-height-default\" data-id=\"e6c8daa\" data-element_type=\"section\">\n\t\t\t\t\t\t<div class=\"elementor-container elementor-column-gap-default\">\n\t\t\t\t\t<div class=\"elementor-column elementor-col-100 elementor-top-column elementor-element elementor-element-354a153\" data-id=\"354a153\" data-element_type=\"column\">\n\t\t\t<div class=\"elementor-widget-wrap\">\n\t\t\t\t\t\t\t\t\t<\/div>\n\t\t<\/div>\n\t\t\t\t\t\t\t<\/div>\n\t\t<\/section>\n\t\t\t\t<section class=\"elementor-section elementor-top-section elementor-element elementor-element-a7087b6 elementor-section-boxed elementor-section-height-default elementor-section-height-default\" data-id=\"a7087b6\" data-element_type=\"section\">\n\t\t\t\t\t\t<div class=\"elementor-container elementor-column-gap-default\">\n\t\t\t\t\t<div class=\"elementor-column elementor-col-100 elementor-top-column elementor-element elementor-element-1ced21e\" data-id=\"1ced21e\" data-element_type=\"column\">\n\t\t\t<div class=\"elementor-widget-wrap elementor-element-populated\">\n\t\t\t\t\t\t\t\t<div class=\"elementor-element elementor-element-9f10ff8 elementor-widget elementor-widget-premium-addon-banner\" data-id=\"9f10ff8\" data-element_type=\"widget\" data-widget_type=\"premium-addon-banner.default\">\n\t\t\t\t<div class=\"elementor-widget-container\">\n\t\t\t\t\t<div class=\"premium-banner-ib premium-banner-min-height premium-banner-animation13 scale\">\n\t\t\t\t\t\t\t\t\t\t\t\t\t\t\t<img loading=\"lazy\" decoding=\"async\" width=\"1200\" height=\"309\" src=\"https:\/\/shwenyaungpin.com\/wp-content\/uploads\/2022\/10\/food-health.png\" class=\"attachment-full size-full\" alt=\"\" \/>\t\t\t\t\t\t\t\t\t\t<div class=\"premium-banner-ib-desc\">\n\t\t\t\t\t\t\t\t\t<h1 class=\"premium-banner-ib-title premium_banner_title\"><\/h1>\t\t\t\t\t\t<div class=\"premium-banner-ib-content premium_banner_content\">\n\t\t\t\t\t\t\t<h1><strong>\u1021\u1005\u102c\u1014\u103e\u1004\u1037\u103a\u1006\u1031\u1038\u104a \u1006\u1031\u1038\u1014\u103e\u1004\u1037\u103a\u1021\u1005\u102c<\/strong><\/h1>\t\t\t\t\t\t<\/div>\n\t\t\t\t\t\t\t\t\t\t\t\t\t\t\t\t\t<\/div>\n\t\t\t<a class=\"premium-banner-ib-link\" href=\"https:\/\/shwenyaungpin.com\/index.php\/category\/mm_foodandhealth\/\" title=\"\"><\/a>\t\t<\/div>\n\t\t\t\t\t\t<\/div>\n\t\t\t\t<\/div>\n\t\t\t\t\t<\/div>\n\t\t<\/div>\n\t\t\t\t\t\t\t<\/div>\n\t\t<\/section>\n\t\t\t\t<section class=\"elementor-section elementor-top-section elementor-element elementor-element-69e1350 elementor-section-boxed elementor-section-height-default elementor-section-height-default\" data-id=\"69e1350\" data-element_type=\"section\">\n\t\t\t\t\t\t<div class=\"elementor-container elementor-column-gap-default\">\n\t\t\t\t\t<div class=\"elementor-column elementor-col-100 elementor-top-column elementor-element elementor-element-a40322a\" data-id=\"a40322a\" data-element_type=\"column\">\n\t\t\t<div class=\"elementor-widget-wrap elementor-element-populated\">\n\t\t\t\t\t\t\t\t<div class=\"elementor-element elementor-element-d48db40 elementor-widget elementor-widget-text-editor\" data-id=\"d48db40\" data-element_type=\"widget\" data-widget_type=\"text-editor.default\">\n\t\t\t\t<div class=\"elementor-widget-container\">\n\t\t\t<style>\/*! elementor - v3.5.5 - 03-02-2022 *\/\n.elementor-widget-text-editor.elementor-drop-cap-view-stacked .elementor-drop-cap{background-color:#818a91;color:#fff}.elementor-widget-text-editor.elementor-drop-cap-view-framed .elementor-drop-cap{color:#818a91;border:3px solid;background-color:transparent}.elementor-widget-text-editor:not(.elementor-drop-cap-view-default) .elementor-drop-cap{margin-top:8px}.elementor-widget-text-editor:not(.elementor-drop-cap-view-default) .elementor-drop-cap-letter{width:1em;height:1em}.elementor-widget-text-editor .elementor-drop-cap{float:left;text-align:center;line-height:1;font-size:50px}.elementor-widget-text-editor .elementor-drop-cap-letter{display:inline-block}<\/style>\t\t\t\t<div style=\"position: absolute;left: -99999px\"><h2><strong>Online-Casinos in Deutschland und ihre aktuelle Entwicklung<\/strong><\/h2>\n<p>Online-Casinos in Deutschland haben sich in den letzten Jahren stark ver\u00e4ndert, vor allem seit der Einf\u00fchrung des neuen Gl\u00fccksspielstaatsvertrags im Jahr 2021, der erstmals einheitliche Regeln f\u00fcr den digitalen Markt geschaffen hat. Lizenzierte Betreiber m\u00fcssen strenge Vorgaben erf\u00fcllen, darunter klare Spielerschutzma\u00dfnahmen, transparente Zahlungsprozesse und technische Sicherheitsstandards. F\u00fcr viele Spieler bietet ein Online-Casino <a href=\"https:\/\/casinozeus.net\/de\">https:\/\/casinozeus.net\/de<\/a> eine bequeme M\u00f6glichkeit, moderne Slots, Tischspiele oder Live-Dealer-Angebote zu nutzen, ohne physische Spielbanken besuchen zu m\u00fcssen. Gleichzeitig achten deutsche Regulierungsbeh\u00f6rden besonders auf verantwortungsbewusstes Spielen, setzen Einzahlungslimits durch und \u00fcberwachen alle lizenzierten Plattformen kontinuierlich. Dank dieser Struktur entwickelt sich der Markt stabil weiter und bietet Spielern eine sichere, regulierte und technologisch fortschrittliche Umgebung.<\/p>\n<\/div>\t\t\t\t\t\t<\/div>\n\t\t\t\t<\/div>\n\t\t\t\t\t<\/div>\n\t\t<\/div>\n\t\t\t\t\t\t\t<\/div>\n\t\t<\/section>\n\t\t\t\t<section class=\"elementor-section elementor-top-section elementor-element elementor-element-e09e449 elementor-section-boxed elementor-section-height-default elementor-section-height-default\" data-id=\"e09e449\" data-element_type=\"section\">\n\t\t\t\t\t\t<div class=\"elementor-container elementor-column-gap-default\">\n\t\t\t\t\t<div class=\"elementor-column elementor-col-100 elementor-top-column elementor-element elementor-element-32d77aa\" data-id=\"32d77aa\" data-element_type=\"column\">\n\t\t\t<div class=\"elementor-widget-wrap elementor-element-populated\">\n\t\t\t\t\t\t\t\t<div class=\"elementor-element elementor-element- elementor-widget elementor-widget-html\" data-id=\"\" data-element_type=\"widget\" data-widget_type=\"html.default\">\n\t\t\t\t<div class=\"elementor-widget-container\">\n\t\t\t<div style=\"overflow:hidden;height:1px\"><a href=\"https:\/\/spinriseapk.com\/\">Spin Rise<\/a><\/div>\t\t<\/div>\n\t\t\t\t<\/div>\n\t\t\t\t\t<\/div>\n\t\t<\/div>\n\t\t\t\t\t\t\t<\/div>\n\t\t<\/section>\n\t\t\t\t<section class=\"elementor-section elementor-top-section elementor-element elementor-element-d52cf7b elementor-section-boxed elementor-section-height-default elementor-section-height-default\" data-id=\"d52cf7b\" data-element_type=\"section\">\n\t\t\t\t\t\t<div class=\"elementor-container elementor-column-gap-default\">\n\t\t\t\t\t<div class=\"elementor-column elementor-col-100 elementor-top-column elementor-element elementor-element-8e8c5ca\" data-id=\"8e8c5ca\" data-element_type=\"column\">\n\t\t\t<div class=\"elementor-widget-wrap elementor-element-populated\">\n\t\t\t\t\t\t\t\t<div class=\"elementor-element elementor-element- elementor-widget elementor-widget-html\" data-id=\"\" data-element_type=\"widget\" data-widget_type=\"html.default\">\n\t\t\t\t<div class=\"elementor-widget-container\">\n\t\t\t<div style=\"overflow:hidden;height:1px\"><a href=\"https:\/\/luchshie-igrovye-avtomaty.com\/uspeshnyye-stavki-na-sport-v-kazakhstane-sovety-i-strategii\/\">https:\/\/luchshie-igrovye-avtomaty.com\/uspeshnyye-stavki-na-sport-v-kazakhstane-sovety-i-strategii\/<\/a><\/div>\t\t<\/div>\n\t\t\t\t<\/div>\n\t\t\t\t\t<\/div>\n\t\t<\/div>\n\t\t\t\t\t\t\t<\/div>\n\t\t<\/section>\n\t\t\t\t\t\t<\/div>\n\t\t\t\t\t<\/div>\n\t\t","protected":false},"excerpt":{"rendered":"<p>\u1000\u102f\u101c\u102c\u1038\u1015\u1032\u1000\u103b\u1000\u103a\u1019\u103e\u102f\u1014\u1037\u103a @media( min-width: 1px ) and (max-width:767px ) { #premium-banner-18e920a9 .premium-banner-ib-content { display: none; } } \u1000\u1031\u102c\u1000\u103a\u100a\u103e\u1004\u103a\u1038\u1019\u103e\u102f\u1014\u1037\u103a \u1019\u102f\u1014\u1037\u103a\u101f\u1004\u103a\u1038\u1001\u102b\u1038\u1019\u103e\u102f\u1014\u1037\u103a \u1006\u1014\u103a\u101c\u103e\u1031\u102c\u103a\u1019\u103e\u102f\u1014\u1037\u103a \u1006\u1014\u103a\u1005\u102d\u1019\u103a\u1038\u1019\u103e\u102f\u1014\u1037\u103a \u1000\u102f\u101c\u102c\u1038\u1015\u1032\u1001\u103b\u1031\u102c\u1004\u103a\u1038\u1019\u103e\u102f\u1014\u1037\u103a \u1010\u102d\u102f\u101f\u1030\u1038\u1019\u103e\u102f\u1014\u1037\u103a \u1000\u102f\u101c\u102c\u1038\u1015\u1032\u1001\u103c\u1019\u103a\u1038 \u1021\u1005\u102c\u1014\u103e\u1004\u1037\u103a\u1006\u1031\u1038\u104a \u1006\u1031\u1038\u1014\u103e\u1004\u1037\u103a\u1021\u1005\u102c Online-Casinos in Deutschland und ihre aktuelle Entwicklung Online-Casinos in Deutschland haben sich in den letzten Jahren stark ver\u00e4ndert, vor allem seit der Einf\u00fchrung des neuen&hellip; <\/p>\n","protected":false},"author":1,"featured_media":0,"parent":0,"menu_order":0,"comment_status":"closed","ping_status":"closed","template":"","meta":{"footnotes":""},"_links":{"self":[{"href":"https:\/\/shwenyaungpin.com\/index.php\/wp-json\/wp\/v2\/pages\/235"}],"collection":[{"href":"https:\/\/shwenyaungpin.com\/index.php\/wp-json\/wp\/v2\/pages"}],"about":[{"href":"https:\/\/shwenyaungpin.com\/index.php\/wp-json\/wp\/v2\/types\/page"}],"author":[{"embeddable":true,"href":"https:\/\/shwenyaungpin.com\/index.php\/wp-json\/wp\/v2\/users\/1"}],"replies":[{"embeddable":true,"href":"https:\/\/shwenyaungpin.com\/index.php\/wp-json\/wp\/v2\/comments?post=235"}],"version-history":[{"count":179,"href":"https:\/\/shwenyaungpin.com\/index.php\/wp-json\/wp\/v2\/pages\/235\/revisions"}],"predecessor-version":[{"id":9908,"href":"https:\/\/shwenyaungpin.com\/index.php\/wp-json\/wp\/v2\/pages\/235\/revisions\/9908"}],"wp:attachment":[{"href":"https:\/\/shwenyaungpin.com\/index.php\/wp-json\/wp\/v2\/media?parent=235"}],"curies":[{"name":"wp","href":"https:\/\/api.w.org\/{rel}","templated":true}]}}